{"id":2972,"date":"2014-10-22T12:36:54","date_gmt":"2014-10-22T12:36:54","guid":{"rendered":"http:\/\/wpresidence.net\/?page_id=2972"},"modified":"2025-07-29T03:43:19","modified_gmt":"2025-07-29T03:43:19","slug":"termos-e-condicoes","status":"publish","type":"page","link":"https:\/\/desenvolvidopelaangoweb.com\/g12\/termos-e-condicoes\/","title":{"rendered":"Termos e Condi\u00e7\u00f5es"},"content":{"rendered":"<div class=\"wpb-content-wrapper\"><p>[vc_row][vc_column][vc_column_text css=&#8221;&#8221;]*1. Aceita\u00e7\u00e3o dos Termos*<br \/>\nAo acessar e utilizar este site, o usu\u00e1rio concorda com os presentes Termos e Condi\u00e7\u00f5es de Uso. Se n\u00e3o concordar com os termos, solicitamos que n\u00e3o utilize os nossos servi\u00e7os.<\/p>\n<p>*2. Servi\u00e7os Prestados*<br \/>\nA G12 Imobili\u00e1ria disponibiliza informa\u00e7\u00f5es e servi\u00e7os relacionados \u00e0 compra, venda e arrendamento de im\u00f3veis, bem como consultoria imobili\u00e1ria personalizada.<\/p>\n<p>*3. Uso do Site*<br \/>\nO usu\u00e1rio compromete-se a utilizar o site de forma l\u00edcita, sem violar a legisla\u00e7\u00e3o vigente, os direitos da G12 Imobili\u00e1ria ou de terceiros. \u00c9 proibido qualquer uso que comprometa o funcionamento do site ou que promova atividades ilegais.<\/p>\n<p>*4. Propriedade Intelectual*<br \/>\nTodo o conte\u00fado deste site, incluindo textos, imagens, logotipos, gr\u00e1ficos e layout, \u00e9 de propriedade da G12 Imobili\u00e1ria ou licenciado para ela. \u00c9 proibida a reprodu\u00e7\u00e3o ou uso do conte\u00fado sem autoriza\u00e7\u00e3o pr\u00e9via.<\/p>\n<p>*5. Altera\u00e7\u00f5es no Site e nos Termos*<br \/>\nA G12 Imobili\u00e1ria pode, a qualquer momento, alterar ou descontinuar funcionalidades do site, bem como modificar estes termos. Recomendamos a consulta peri\u00f3dica para estar a par de atualiza\u00e7\u00f5es.<\/p>\n<p>*6. Responsabilidades*<br \/>\nA G12 Imobili\u00e1ria n\u00e3o se responsabiliza por eventuais danos resultantes do uso inadequado do site, nem por informa\u00e7\u00f5es incorretas fornecidas por terceiros.<\/p>\n<p>*7. Legisla\u00e7\u00e3o Aplic\u00e1vel*<br \/>\nEstes termos s\u00e3o regidos pela legisla\u00e7\u00e3o da Rep\u00fablica de Angola. Em caso de conflito, o foro da comarca de Luanda ser\u00e1 o competente.[\/vc_column_text][\/vc_column][\/vc_row]<\/p>\n<\/div>","protected":false},"excerpt":{"rendered":"<p>[vc_row][vc_column][vc_column_text css=&#8221;&#8221;]*1. Aceita\u00e7\u00e3o dos Termos* Ao acessar e utilizar este site, o usu\u00e1rio concorda com os presentes Termos e Condi\u00e7\u00f5es de Uso. Se n\u00e3o concordar com os termos, solicitamos que n\u00e3o utilize os nossos servi\u00e7os. *2. Servi\u00e7os Prestados* A G12 Imobili\u00e1ria disponibiliza informa\u00e7\u00f5es e servi\u00e7os relacionados \u00e0 compra, venda e arrendamento de im\u00f3veis, bem como consultoria imobili\u00e1ria personalizada. *3. Uso do Site* O usu\u00e1rio &#8230;<\/p>\n","protected":false},"author":1,"featured_media":0,"parent":0,"menu_order":0,"comment_status":"closed","ping_status":"closed","template":"page-templates\/terms_conditions.php","meta":{"inline_featured_image":false,"_monsterinsights_skip_tracking":false,"_monsterinsights_sitenote_active":false,"_monsterinsights_sitenote_note":"","_monsterinsights_sitenote_category":0,"footnotes":""},"class_list":["post-2972","page","type-page","status-publish","hentry"],"aioseo_notices":[],"_links":{"self":[{"href":"https:\/\/desenvolvidopelaangoweb.com\/g12\/wp-json\/wp\/v2\/pages\/2972","targetHints":{"allow":["GET"]}}],"collection":[{"href":"https:\/\/desenvolvidopelaangoweb.com\/g12\/wp-json\/wp\/v2\/pages"}],"about":[{"href":"https:\/\/desenvolvidopelaangoweb.com\/g12\/wp-json\/wp\/v2\/types\/page"}],"author":[{"embeddable":true,"href":"https:\/\/desenvolvidopelaangoweb.com\/g12\/wp-json\/wp\/v2\/users\/1"}],"replies":[{"embeddable":true,"href":"https:\/\/desenvolvidopelaangoweb.com\/g12\/wp-json\/wp\/v2\/comments?post=2972"}],"version-history":[{"count":2,"href":"https:\/\/desenvolvidopelaangoweb.com\/g12\/wp-json\/wp\/v2\/pages\/2972\/revisions"}],"predecessor-version":[{"id":31857,"href":"https:\/\/desenvolvidopelaangoweb.com\/g12\/wp-json\/wp\/v2\/pages\/2972\/revisions\/31857"}],"wp:attachment":[{"href":"https:\/\/desenvolvidopelaangoweb.com\/g12\/wp-json\/wp\/v2\/media?parent=2972"}],"curies":[{"name":"wp","href":"https:\/\/api.w.org\/{rel}","templated":true}]}}