{"id":16,"date":"2022-08-18T11:59:37","date_gmt":"2022-08-18T11:59:37","guid":{"rendered":"http:\/\/dummy.xtemos.com\/woodmart2\/accessories\/?page_id=16"},"modified":"2023-10-11T09:59:46","modified_gmt":"2023-10-11T12:59:46","slug":"sobre-nos","status":"publish","type":"page","link":"https:\/\/desenvolvidopelaangoweb.com\/tecmicro\/sobre-nos\/","title":{"rendered":"SOBRE N\u00d3S"},"content":{"rendered":"<div class=\"wpb-content-wrapper\"><p>[vc_row woodmart_bg_position=&#8221;right-center&#8221; css=&#8221;.vc_custom_1663681286334{margin-right: 0px !important;margin-left: 0px !important;background: #2e6bc6 url(https:\/\/desenvolvidopelaangoweb.com\/tecmicro\/wp-content\/uploads\/2022\/09\/acs-ab-us-community.jpg?id=232) !important;background-position: center !important;background-repeat: no-repeat !important;background-size: contain !important;border-radius: 10px !important;}&#8221; woodmart_css_id=&#8221;6329c2fb3a4fd&#8221; responsive_spacing=&#8221;eyJwYXJhbV90eXBlIjoid29vZG1hcnRfcmVzcG9uc2l2ZV9zcGFjaW5nIiwic2VsZWN0b3JfaWQiOiI2MzI5YzJmYjNhNGZkIiwic2hvcnRjb2RlIjoidmNfcm93IiwiZGF0YSI6eyJ0YWJsZXQiOnt9LCJtb2JpbGUiOnt9fX0=&#8221; mobile_bg_img_hidden=&#8221;yes&#8221; tablet_bg_img_hidden=&#8221;yes&#8221; woodmart_parallax=&#8221;0&#8243; woodmart_gradient_switch=&#8221;no&#8221; woodmart_box_shadow=&#8221;no&#8221; wd_z_index=&#8221;no&#8221; woodmart_disable_overflow=&#8221;0&#8243; row_reverse_mobile=&#8221;0&#8243; row_reverse_tablet=&#8221;0&#8243;][vc_column woodmart_color_scheme=&#8221;light&#8221; woodmart_bg_position=&#8221;right-center&#8221; css=&#8221;.vc_custom_1661260646668{padding-top: 70px !important;padding-right: 60px !important;padding-bottom: 70px !important;padding-left: 60px !important;background-position: 0 0 !important;background-repeat: no-repeat !important;}&#8221; woodmart_css_id=&#8221;6304d35da0fac&#8221; parallax_scroll=&#8221;no&#8221; woodmart_sticky_column=&#8221;false&#8221; wd_collapsible_content_switcher=&#8221;no&#8221; wd_column_role_offcanvas_desktop=&#8221;no&#8221; wd_column_role_offcanvas_tablet=&#8221;no&#8221; wd_column_role_offcanvas_mobile=&#8221;no&#8221; wd_column_role_content_desktop=&#8221;no&#8221; wd_column_role_content_tablet=&#8221;no&#8221; wd_column_role_content_mobile=&#8221;no&#8221; mobile_bg_img_hidden=&#8221;no&#8221; tablet_bg_img_hidden=&#8221;no&#8221; woodmart_parallax=&#8221;0&#8243; woodmart_box_shadow=&#8221;no&#8221; responsive_spacing=&#8221;eyJwYXJhbV90eXBlIjoid29vZG1hcnRfcmVzcG9uc2l2ZV9zcGFjaW5nIiwic2VsZWN0b3JfaWQiOiI2MzA0ZDM1ZGEwZmFjIiwic2hvcnRjb2RlIjoidmNfY29sdW1uIiwiZGF0YSI6eyJ0YWJsZXQiOnt9LCJtb2JpbGUiOnsicGFkZGluZy10b3AiOiI0MCIsInBhZGRpbmctcmlnaHQiOiI0MCIsInBhZGRpbmctYm90dG9tIjoiNDAiLCJwYWRkaW5nLWxlZnQiOiI0MCJ9fX0=&#8221; mobile_reset_margin=&#8221;no&#8221; tablet_reset_margin=&#8221;no&#8221; wd_z_index=&#8221;no&#8221; offset=&#8221;vc_col-lg-7&#8243;]\n\t\t<div id=\"wd-65144da33e074\" class=\"title-wrapper wd-wpb set-mb-s reset-last-child  wd-rs-65144da33e074 wd-title-color-white wd-title-style-default text-left vc_custom_1695829428067 wd-underline-colored\">\n\t\t\t\n\t\t\t<div class=\"liner-continer\">\n\t\t\t\t<h4 class=\"woodmart-title-container title  wd-font-weight- wd-fontsize-xxl\" >SOBRE N\u00d3S<\/h4>\n\t\t\t\t\t\t\t<\/div>\n\t\t\t\n\t\t\t\n\t\t\t\n\t\t<\/div>\n\t\t\n\t\t\t\t<div id=\"wd-65144df1e0772\" class=\"wd-text-block wd-wpb reset-last-child wd-rs-65144df1e0772 text-left wd-width-custom color-scheme-light wd-fontsize-s vc_custom_1695829522942\">\n\t\t\t<p><strong>TECMICRO, LDA<\/strong> uma empresa direito angolano, Sediada em Luanda, comercializa componentes electr\u00f3nicos, equipamentos laboratoriais de electr\u00f3nica, telecomunica\u00e7\u00e3o, eletricidade e automa\u00e7\u00e3o, e j\u00e1 temos vasta experi\u00eancia na \u00e1rea de electr\u00f3nica e automa\u00e7\u00e3o desde 2015. \u00a0Entregamos aos nossos clientes 100% do solicitado ou contratado. Damos total prioridade na qualidade, pontualidade e facilidade em atendimentos<\/p>\n\t\t<\/div>\n\t\t<div id=\"wd-65269c269c3a2\" class=\" wd-rs-65269c269c3a2  wd-button-wrapper text-left\"><a href=\"https:\/\/desenvolvidopelaangoweb.com\/tecmicro\/contactos\/\" title=\"CONTACTOS\" class=\"btn btn-color-white btn-style-default btn-style-semi-round btn-size-default\">Entre em Contacto<\/a><\/div>[\/vc_column][\/vc_row]<\/p>\n<\/div>","protected":false},"excerpt":{"rendered":"<p>[vc_row woodmart_bg_position=&#8221;right-center&#8221; css=&#8221;.vc_custom_1663681286334{margin-right: 0px !important;margin-left: 0px !important;background: #2e6bc6 url(https:\/\/desenvolvidopelaangoweb.com\/tecmicro\/wp-content\/uploads\/2022\/09\/acs-ab-us-community.jpg?id=232) !important;background-position: center !important;background-repeat: no-repeat !important;background-size: contain !important;border-radius: 10px !important;}&#8221; woodmart_css_id=&#8221;6329c2fb3a4fd&#8221; responsive_spacing=&#8221;eyJwYXJhbV90eXBlIjoid29vZG1hcnRfcmVzcG9uc2l2ZV9zcGFjaW5nIiwic2VsZWN0b3JfaWQiOiI2MzI5YzJmYjNhNGZkIiwic2hvcnRjb2RlIjoidmNfcm93IiwiZGF0YSI6eyJ0YWJsZXQiOnt9LCJtb2JpbGUiOnt9fX0=&#8221;<\/p>\n","protected":false},"author":1,"featured_media":0,"parent":0,"menu_order":0,"comment_status":"closed","ping_status":"closed","template":"","meta":{"footnotes":""},"class_list":["post-16","page","type-page","status-publish","hentry"],"_links":{"self":[{"href":"https:\/\/desenvolvidopelaangoweb.com\/tecmicro\/wp-json\/wp\/v2\/pages\/16","targetHints":{"allow":["GET"]}}],"collection":[{"href":"https:\/\/desenvolvidopelaangoweb.com\/tecmicro\/wp-json\/wp\/v2\/pages"}],"about":[{"href":"https:\/\/desenvolvidopelaangoweb.com\/tecmicro\/wp-json\/wp\/v2\/types\/page"}],"author":[{"embeddable":true,"href":"https:\/\/desenvolvidopelaangoweb.com\/tecmicro\/wp-json\/wp\/v2\/users\/1"}],"replies":[{"embeddable":true,"href":"https:\/\/desenvolvidopelaangoweb.com\/tecmicro\/wp-json\/wp\/v2\/comments?post=16"}],"version-history":[{"count":11,"href":"https:\/\/desenvolvidopelaangoweb.com\/tecmicro\/wp-json\/wp\/v2\/pages\/16\/revisions"}],"predecessor-version":[{"id":823,"href":"https:\/\/desenvolvidopelaangoweb.com\/tecmicro\/wp-json\/wp\/v2\/pages\/16\/revisions\/823"}],"wp:attachment":[{"href":"https:\/\/desenvolvidopelaangoweb.com\/tecmicro\/wp-json\/wp\/v2\/media?parent=16"}],"curies":[{"name":"wp","href":"https:\/\/api.w.org\/{rel}","templated":true}]}}