{"id":20,"date":"2022-08-18T12:01:48","date_gmt":"2022-08-18T12:01:48","guid":{"rendered":"http:\/\/dummy.xtemos.com\/woodmart2\/accessories\/?page_id=20"},"modified":"2023-10-10T19:58:35","modified_gmt":"2023-10-10T22:58:35","slug":"comparar","status":"publish","type":"page","link":"https:\/\/desenvolvidopelaangoweb.com\/tecmicro\/comparar\/","title":{"rendered":"Comparar"},"content":{"rendered":"\t\t<p class=\"wd-empty-compare wd-empty-page\">\n\t\t\tA lista de compara\u00e7\u00e3o est\u00e1 vazia.\t\t<\/p>\n\t\t\t\t\t<div class=\"wd-empty-page-text\">\n\t\t\t\tNenhum produto adicionado na lista de compara\u00e7\u00e3o. Voc\u00ea deve adicionar alguns produtos para compar\u00e1-los.<br> Voc\u00ea encontrar\u00e1 muitos produtos interessantes em nossa p\u00e1gina \"Loja\".\t\t\t<\/div>\n\t\t\t\t<p class=\"return-to-shop\">\n\t\t\t<a class=\"button\" href=\"https:\/\/desenvolvidopelaangoweb.com\/tecmicro\/loja\/\">\n\t\t\t\tVoltar para a loja\t\t\t<\/a>\n\t\t<\/p>\n\t\t\n","protected":false},"excerpt":{"rendered":"A lista de compara\u00e7\u00e3o est\u00e1 vazia. Nenhum produto adicionado na lista de compara\u00e7\u00e3o. Voc\u00ea deve adicionar alguns produtos para compar\u00e1-los.","protected":false},"author":1,"featured_media":0,"parent":0,"menu_order":0,"comment_status":"closed","ping_status":"closed","template":"","meta":{"footnotes":""},"class_list":["post-20","page","type-page","status-publish","hentry"],"_links":{"self":[{"href":"https:\/\/desenvolvidopelaangoweb.com\/tecmicro\/wp-json\/wp\/v2\/pages\/20","targetHints":{"allow":["GET"]}}],"collection":[{"href":"https:\/\/desenvolvidopelaangoweb.com\/tecmicro\/wp-json\/wp\/v2\/pages"}],"about":[{"href":"https:\/\/desenvolvidopelaangoweb.com\/tecmicro\/wp-json\/wp\/v2\/types\/page"}],"author":[{"embeddable":true,"href":"https:\/\/desenvolvidopelaangoweb.com\/tecmicro\/wp-json\/wp\/v2\/users\/1"}],"replies":[{"embeddable":true,"href":"https:\/\/desenvolvidopelaangoweb.com\/tecmicro\/wp-json\/wp\/v2\/comments?post=20"}],"version-history":[{"count":2,"href":"https:\/\/desenvolvidopelaangoweb.com\/tecmicro\/wp-json\/wp\/v2\/pages\/20\/revisions"}],"predecessor-version":[{"id":813,"href":"https:\/\/desenvolvidopelaangoweb.com\/tecmicro\/wp-json\/wp\/v2\/pages\/20\/revisions\/813"}],"wp:attachment":[{"href":"https:\/\/desenvolvidopelaangoweb.com\/tecmicro\/wp-json\/wp\/v2\/media?parent=20"}],"curies":[{"name":"wp","href":"https:\/\/api.w.org\/{rel}","templated":true}]}}