{"id":3,"date":"2023-09-27T09:50:40","date_gmt":"2023-09-27T12:50:40","guid":{"rendered":"https:\/\/desenvolvidopelaangoweb.com\/tecmicro\/?page_id=3"},"modified":"2023-10-11T09:56:42","modified_gmt":"2023-10-11T12:56:42","slug":"politica-de-privacidade","status":"publish","type":"page","link":"https:\/\/desenvolvidopelaangoweb.com\/tecmicro\/politica-de-privacidade\/","title":{"rendered":"Pol\u00edtica de privacidade"},"content":{"rendered":"<div class=\"wpb-content-wrapper\"><p>[vc_row][vc_column][vc_column_text woodmart_inline=&#8221;no&#8221; text_larger=&#8221;no&#8221;]<\/p>\r\n\r\n<h2 class=\"wp-block-heading\">TROCA E DEVOLU\u00c7\u00d5ES:<\/h2>\r\n<p><strong class=\"privacy-policy-tutorial\">As situa\u00e7\u00f5es em que um produto pode ser trocado ou devolvido s\u00e3o as seguintes:<\/strong><\/p>\r\n<p>&#8211; Troca em decorr\u00eancia de defeito de fabrica\u00e7\u00e3o (at\u00e9 15 dias corridos a partir da data de recebimento).<br \/>&#8211; Troca por avaria no produto, por decorr\u00eancia do transporte de entrega.<br \/>&#8211; Recebimento de produto diferente do adquirido.<\/p>\r\n<p><!-- \/wp:post-content -->\u00a0<\/p>\r\n<!-- wp:heading -->\r\n<h2>A solicita\u00e7\u00e3o de troca ser\u00e1 recusada nos seguintes casos:<\/h2>\r\n<p><!-- \/wp:heading -->&#8211; Inexist\u00eancia do defeito.<br \/>&#8211; Ind\u00edcios de mau uso.<br \/>&#8211; Falta de acess\u00f3rios e\/ou pe\u00e7as que comp\u00f5em o produto.<\/p>\r\n<p><!-- \/wp:paragraph -->\u00a0<\/p>\r\n<!-- wp:heading -->\r\n<h2>Condi\u00e7\u00f5es de Devolu\u00e7\u00e3o<\/h2>\r\n<p>&#8211; Em todos os casos de troca ou devolu\u00e7\u00e3o, a mercadoria que retornar a TECMICRO dever\u00e1 estar nas mesmas condi\u00e7\u00f5es em que foi entregue, sem uso, exceto em caso de defeito, e dever\u00e1 ser devolvida com todos os acess\u00f3rios que a acompanham, o que inclui as embalagens e manuais originais em perfeitas condi\u00e7\u00f5es.<\/p>\r\n<p>&#8211; Se o produto apresentar qualquer ind\u00edcio de uso, exceto em caso de defeito, a TECMICRO se reserva o direito de n\u00e3o aceitar a devolu\u00e7\u00e3o e cancelamento da compra.<\/p>\r\n<p><!-- \/wp:paragraph -->\u00a0<\/p>\r\n<!-- wp:heading -->\r\n<h2>Dados completos de contacto e localiza\u00e7\u00e3o da empresa.<\/h2>\r\n<p><!-- \/wp:heading -->ATENDIMENTO AO CLIENTE: (+244 922 231\u00a0055)<br \/>EMAIL: geral@tecmicro.ao<br \/>ENDERE\u00c7O: Avenida Deolinda Rodrigues s\/n (ref. Rua do Jumbo)<br \/>https:\/\/goo.gl\/maps\/YenRPejgUuLKPuEg8<\/p>\r\n<p><!-- \/wp:paragraph -->\u00a0<\/p>\r\n<p><!-- wp:heading --><!-- \/wp:heading --><!-- \/wp:paragraph -->\u00a0<\/p>\r\n<p><!-- wp:heading --><!-- \/wp:heading --><!-- \/wp:paragraph --><!-- \/wp:paragraph -->\u00a0<\/p>\r\n<!-- wp:heading --><!-- \/wp:heading --><!-- \/wp:paragraph -->\r\n<p>&nbsp;<\/p>\r\n<!-- wp:heading --><!-- \/wp:heading --><!-- \/wp:paragraph -->\r\n<p>&nbsp;<\/p>\r\n<p>[\/vc_column_text][\/vc_column][\/vc_row]<\/p><\/div>","protected":false},"excerpt":{"rendered":"<p>[vc_row][vc_column][vc_column_text woodmart_inline=&#8221;no&#8221; text_larger=&#8221;no&#8221;] TROCA E DEVOLU\u00c7\u00d5ES: As situa\u00e7\u00f5es em que um produto pode ser trocado ou devolvido s\u00e3o as seguintes:<\/p>\n","protected":false},"author":1,"featured_media":0,"parent":0,"menu_order":0,"comment_status":"closed","ping_status":"open","template":"","meta":{"footnotes":""},"class_list":["post-3","page","type-page","status-publish","hentry"],"_links":{"self":[{"href":"https:\/\/desenvolvidopelaangoweb.com\/tecmicro\/wp-json\/wp\/v2\/pages\/3","targetHints":{"allow":["GET"]}}],"collection":[{"href":"https:\/\/desenvolvidopelaangoweb.com\/tecmicro\/wp-json\/wp\/v2\/pages"}],"about":[{"href":"https:\/\/desenvolvidopelaangoweb.com\/tecmicro\/wp-json\/wp\/v2\/types\/page"}],"author":[{"embeddable":true,"href":"https:\/\/desenvolvidopelaangoweb.com\/tecmicro\/wp-json\/wp\/v2\/users\/1"}],"replies":[{"embeddable":true,"href":"https:\/\/desenvolvidopelaangoweb.com\/tecmicro\/wp-json\/wp\/v2\/comments?post=3"}],"version-history":[{"count":3,"href":"https:\/\/desenvolvidopelaangoweb.com\/tecmicro\/wp-json\/wp\/v2\/pages\/3\/revisions"}],"predecessor-version":[{"id":596,"href":"https:\/\/desenvolvidopelaangoweb.com\/tecmicro\/wp-json\/wp\/v2\/pages\/3\/revisions\/596"}],"wp:attachment":[{"href":"https:\/\/desenvolvidopelaangoweb.com\/tecmicro\/wp-json\/wp\/v2\/media?parent=3"}],"curies":[{"name":"wp","href":"https:\/\/api.w.org\/{rel}","templated":true}]}}