{"id":302,"date":"2022-09-21T11:12:01","date_gmt":"2022-09-21T11:12:01","guid":{"rendered":"http:\/\/dummy.xtemos.com\/woodmart2\/accessories\/?post_type=product&#038;p=302"},"modified":"2023-12-04T18:22:19","modified_gmt":"2023-12-04T21:22:19","slug":"motor-de-passo-28byj-48-de-5v-4-fase","status":"publish","type":"product","link":"https:\/\/desenvolvidopelaangoweb.com\/tecmicro\/produto\/motor-de-passo-28byj-48-de-5v-4-fase\/","title":{"rendered":"Motor de Passo 28BYJ-48 DE 5V (4 fase)"},"content":{"rendered":"<div class=\"wpb-content-wrapper\"><p>[vc_row][vc_column][vc_column_text woodmart_inline=&#8221;no&#8221; text_larger=&#8221;no&#8221;]Os motores de passo s\u00e3o muito \u00fateis em projetos em que fatores como \u00e2ngulo de rota\u00e7\u00e3o, velocidade, posi\u00e7\u00e3o e sincronismo precisam ser controlados com precis\u00e3o. Eles s\u00e3o usados em impressoras convencionais; impressoras 3D, scanners, c\u00e2meras de v\u00eddeo, m\u00e1quinas CNCs e at\u00e9 mesmo na inje\u00e7\u00e3o eletr\u00f4nica dos autom\u00f3veis.<br \/>\nO 28BYJ-48 \u00e9 um motor de passo unipolar que opera em 5V. Este motor pode ser posicionado com precis\u00e3o (um passo de cada vez), \u00e9 confi\u00e1vel e fornece um bom torque, mesmo quando parado.<br \/>\nO motor de passo 28BYJ-48 possui redu\u00e7\u00e3o de 1\/64 o que significa que \u00e9 poss\u00edvel dar uma volta completa com 2038 passos, ou seja, apenas ~0,1766\u00b0 por passo.[\/vc_column_text][\/vc_column][\/vc_row]<\/p>\n<\/div>","protected":false},"excerpt":{"rendered":"<p>[vc_row][vc_column][vc_column_text woodmart_inline=&#8221;no&#8221; text_larger=&#8221;no&#8221;]Os motores de passo s\u00e3o muito \u00fateis em projetos em que fatores como \u00e2ngulo de rota\u00e7\u00e3o, velocidade, posi\u00e7\u00e3o<\/p>\n","protected":false},"featured_media":858,"comment_status":"open","ping_status":"closed","template":"","meta":[],"product_cat":[23,95,94],"product_tag":[],"class_list":{"0":"post-302","1":"product","2":"type-product","3":"status-publish","4":"has-post-thumbnail","6":"product_cat-componentes-eletronicos","7":"product_cat-motores","8":"product_cat-motores-e-valvulas","10":"first","11":"instock","12":"shipping-taxable","13":"purchasable","14":"product-type-simple"},"_links":{"self":[{"href":"https:\/\/desenvolvidopelaangoweb.com\/tecmicro\/wp-json\/wp\/v2\/product\/302","targetHints":{"allow":["GET"]}}],"collection":[{"href":"https:\/\/desenvolvidopelaangoweb.com\/tecmicro\/wp-json\/wp\/v2\/product"}],"about":[{"href":"https:\/\/desenvolvidopelaangoweb.com\/tecmicro\/wp-json\/wp\/v2\/types\/product"}],"replies":[{"embeddable":true,"href":"https:\/\/desenvolvidopelaangoweb.com\/tecmicro\/wp-json\/wp\/v2\/comments?post=302"}],"wp:featuredmedia":[{"embeddable":true,"href":"https:\/\/desenvolvidopelaangoweb.com\/tecmicro\/wp-json\/wp\/v2\/media\/858"}],"wp:attachment":[{"href":"https:\/\/desenvolvidopelaangoweb.com\/tecmicro\/wp-json\/wp\/v2\/media?parent=302"}],"wp:term":[{"taxonomy":"product_cat","embeddable":true,"href":"https:\/\/desenvolvidopelaangoweb.com\/tecmicro\/wp-json\/wp\/v2\/product_cat?post=302"},{"taxonomy":"product_tag","embeddable":true,"href":"https:\/\/desenvolvidopelaangoweb.com\/tecmicro\/wp-json\/wp\/v2\/product_tag?post=302"}],"curies":[{"name":"wp","href":"https:\/\/api.w.org\/{rel}","templated":true}]}}