{"id":306,"date":"2022-09-21T11:12:55","date_gmt":"2022-09-21T11:12:55","guid":{"rendered":"http:\/\/dummy.xtemos.com\/woodmart2\/accessories\/?post_type=product&#038;p=306"},"modified":"2023-12-04T18:12:54","modified_gmt":"2023-12-04T21:12:54","slug":"moc3023-optoisolador-triac-400v","status":"publish","type":"product","link":"https:\/\/desenvolvidopelaangoweb.com\/tecmicro\/produto\/moc3023-optoisolador-triac-400v\/","title":{"rendered":"MOC3023 Optoisolador TRIAC 400V"},"content":{"rendered":"<div class=\"wpb-content-wrapper\"><p>[vc_row][vc_column][vc_column_text woodmart_inline=&#8221;no&#8221; text_larger=&#8221;no&#8221;]O MOC3023 \u00e9 um optoacoplador gerador de fase aleat\u00f3ria com sa\u00edda de driver de teste. Os dispositivos v\u00eam com um pacote DIP through-hole de 6 pinos. O IC interno consiste em um diodo emissor de infravermelho de arsenieto de g\u00e1lio e um interruptor bilateral de sil\u00edcio acoplado opticamente ou ativado que funciona como um triac. O dispositivo faz interface entre o controle eletr\u00f4nico e o power triac e pode lidar com a carga de at\u00e9 115VCA.[\/vc_column_text][\/vc_column][\/vc_row]<\/p>\n<\/div>","protected":false},"excerpt":{"rendered":"<p>Componentes Electr\u00f3nicos &gt; Componentes Discretos &gt; TRIAC, DIAC E MOC<\/p>\n","protected":false},"featured_media":856,"comment_status":"open","ping_status":"closed","template":"","meta":[],"product_cat":[81,23,113],"product_tag":[],"class_list":{"0":"post-306","1":"product","2":"type-product","3":"status-publish","4":"has-post-thumbnail","6":"product_cat-componentes-discretos","7":"product_cat-componentes-eletronicos","8":"product_cat-triac-diac-e-moc","10":"first","11":"instock","12":"featured","13":"shipping-taxable","14":"purchasable","15":"product-type-simple"},"_links":{"self":[{"href":"https:\/\/desenvolvidopelaangoweb.com\/tecmicro\/wp-json\/wp\/v2\/product\/306","targetHints":{"allow":["GET"]}}],"collection":[{"href":"https:\/\/desenvolvidopelaangoweb.com\/tecmicro\/wp-json\/wp\/v2\/product"}],"about":[{"href":"https:\/\/desenvolvidopelaangoweb.com\/tecmicro\/wp-json\/wp\/v2\/types\/product"}],"replies":[{"embeddable":true,"href":"https:\/\/desenvolvidopelaangoweb.com\/tecmicro\/wp-json\/wp\/v2\/comments?post=306"}],"wp:featuredmedia":[{"embeddable":true,"href":"https:\/\/desenvolvidopelaangoweb.com\/tecmicro\/wp-json\/wp\/v2\/media\/856"}],"wp:attachment":[{"href":"https:\/\/desenvolvidopelaangoweb.com\/tecmicro\/wp-json\/wp\/v2\/media?parent=306"}],"wp:term":[{"taxonomy":"product_cat","embeddable":true,"href":"https:\/\/desenvolvidopelaangoweb.com\/tecmicro\/wp-json\/wp\/v2\/product_cat?post=306"},{"taxonomy":"product_tag","embeddable":true,"href":"https:\/\/desenvolvidopelaangoweb.com\/tecmicro\/wp-json\/wp\/v2\/product_tag?post=306"}],"curies":[{"name":"wp","href":"https:\/\/api.w.org\/{rel}","templated":true}]}}