{"id":314,"date":"2022-09-21T11:15:11","date_gmt":"2022-09-21T11:15:11","guid":{"rendered":"http:\/\/dummy.xtemos.com\/woodmart2\/accessories\/?post_type=product&#038;p=314"},"modified":"2023-12-04T17:57:50","modified_gmt":"2023-12-04T20:57:50","slug":"mala-de-ferramentas-para-fibra-optica","status":"publish","type":"product","link":"https:\/\/desenvolvidopelaangoweb.com\/tecmicro\/produto\/mala-de-ferramentas-para-fibra-optica\/","title":{"rendered":"Mala de Ferramentas para Fibra Optica"},"content":{"rendered":"<div class=\"wpb-content-wrapper\"><p>[vc_row][vc_column][vc_column_text woodmart_inline=&#8221;no&#8221; text_larger=&#8221;no&#8221;]Ideal para teste em redes de CATV de fibra, engenharia de comunica\u00e7\u00e3o de fibra \u00f3ptica, Sistema de cabeamento integrado, produ\u00e7\u00e3o de dispositivos \u00f3pticos e pesquisa, Ensino e teste de comunica\u00e7\u00e3o \u00f3ptica, outra fibra \u00f3ptica de engenharia, etc.<\/p>\n<p>Kit contem:<\/p>\n<p>1 Clivador FC-6S<br \/>\n1 Medidor de pot\u00eancia \u00f3ptica de 1 x com conex\u00e3o SC FC ST 1 Identificador Visual de Falhas (caneta \u00f3tica) 10km<br \/>\n1 Recept\u00e1culo para \u00e1lcool<br \/>\n1 Alicate Decapador<br \/>\n1 Alicate Descascador (Fibra Drop)<br \/>\n2 Chaves Allen<br \/>\n1 Gabarito de conectoriza\u00e7\u00e3o<br \/>\n1 Bolsa para clivador 1 B l kit[\/vc_column_text][\/vc_column][\/vc_row]<\/p>\n<\/div>","protected":false},"excerpt":{"rendered":"<p>[vc_row][vc_column][vc_column_text woodmart_inline=&#8221;no&#8221; text_larger=&#8221;no&#8221;]Ideal para teste em redes de CATV de fibra, engenharia de comunica\u00e7\u00e3o de fibra \u00f3ptica, Sistema de cabeamento<\/p>\n","protected":false},"featured_media":854,"comment_status":"open","ping_status":"closed","template":"","meta":[],"product_cat":[126],"product_tag":[],"class_list":{"0":"post-314","1":"product","2":"type-product","3":"status-publish","4":"has-post-thumbnail","6":"product_cat-fibra-optica","8":"first","9":"instock","10":"shipping-taxable","11":"purchasable","12":"product-type-simple"},"_links":{"self":[{"href":"https:\/\/desenvolvidopelaangoweb.com\/tecmicro\/wp-json\/wp\/v2\/product\/314","targetHints":{"allow":["GET"]}}],"collection":[{"href":"https:\/\/desenvolvidopelaangoweb.com\/tecmicro\/wp-json\/wp\/v2\/product"}],"about":[{"href":"https:\/\/desenvolvidopelaangoweb.com\/tecmicro\/wp-json\/wp\/v2\/types\/product"}],"replies":[{"embeddable":true,"href":"https:\/\/desenvolvidopelaangoweb.com\/tecmicro\/wp-json\/wp\/v2\/comments?post=314"}],"wp:featuredmedia":[{"embeddable":true,"href":"https:\/\/desenvolvidopelaangoweb.com\/tecmicro\/wp-json\/wp\/v2\/media\/854"}],"wp:attachment":[{"href":"https:\/\/desenvolvidopelaangoweb.com\/tecmicro\/wp-json\/wp\/v2\/media?parent=314"}],"wp:term":[{"taxonomy":"product_cat","embeddable":true,"href":"https:\/\/desenvolvidopelaangoweb.com\/tecmicro\/wp-json\/wp\/v2\/product_cat?post=314"},{"taxonomy":"product_tag","embeddable":true,"href":"https:\/\/desenvolvidopelaangoweb.com\/tecmicro\/wp-json\/wp\/v2\/product_tag?post=314"}],"curies":[{"name":"wp","href":"https:\/\/api.w.org\/{rel}","templated":true}]}}