{"id":322,"date":"2022-09-21T11:17:49","date_gmt":"2022-09-21T11:17:49","guid":{"rendered":"http:\/\/dummy.xtemos.com\/woodmart2\/accessories\/?post_type=product&#038;p=322"},"modified":"2023-12-04T17:40:32","modified_gmt":"2023-12-04T20:40:32","slug":"lupa-de-bancada-com-led","status":"publish","type":"product","link":"https:\/\/desenvolvidopelaangoweb.com\/tecmicro\/produto\/lupa-de-bancada-com-led\/","title":{"rendered":"Lupa de Bancada com Led"},"content":{"rendered":"<div class=\"wpb-content-wrapper\"><p>[vc_row][vc_column][vc_column_text woodmart_inline=&#8221;no&#8221; text_larger=&#8221;no&#8221;]A lupa de bancada TE-801 \u00e9 um dispositivo muito \u00fatil para trabalhos de precis\u00e3o, especialmente na \u00e1rea de eletr\u00f4nica e soldagem. Aqui est\u00e3o as principais caracter\u00edsticas e funcionalidades dessa lupa:<\/p>\n<p>Amplia\u00e7\u00e3o: A lupa de bancada TE-801 possui uma amplia\u00e7\u00e3o de 12x, o que significa que os objetos observados atrav\u00e9s dela ser\u00e3o ampliados 12 vezes em rela\u00e7\u00e3o ao tamanho original. Isso permite uma visualiza\u00e7\u00e3o detalhada de componentes eletr\u00f4nicos, soldas e outros pequenos objetos.<\/p>\n<p>Ilumina\u00e7\u00e3o LED: A lupa \u00e9 equipada com ilumina\u00e7\u00e3o LED embutida, que fornece uma fonte de luz brilhante e direcionada para iluminar a \u00e1rea de trabalho. Isso \u00e9 particularmente \u00fatil ao soldar ou realizar tarefas que exigem uma visualiza\u00e7\u00e3o clara de detalhes pequenos.<\/p>\n<p>Garras e suporte para ferro de solda: A lupa de bancada TE-801 possui garras ajust\u00e1veis \u200b\u200bque permitem fixar objetos, como placas de circuito impresso, para facilitar o trabalho. Al\u00e9m disso, ela tamb\u00e9m possui um suporte para o ferro de solda, garantindo que ele fique seguro e acess\u00edvel durante as tarefas de soldagem.[\/vc_column_text][\/vc_column][\/vc_row]<\/p>\n<\/div>","protected":false},"excerpt":{"rendered":"<p>[vc_row][vc_column][vc_column_text woodmart_inline=&#8221;no&#8221; text_larger=&#8221;no&#8221;]A lupa de bancada TE-801 \u00e9 um dispositivo muito \u00fatil para trabalhos de precis\u00e3o, especialmente na \u00e1rea de<\/p>\n","protected":false},"featured_media":852,"comment_status":"open","ping_status":"closed","template":"","meta":[],"product_cat":[114,25],"product_tag":[],"class_list":{"0":"post-322","1":"product","2":"type-product","3":"status-publish","4":"has-post-thumbnail","6":"product_cat-fer-diversos","7":"product_cat-ferramentas-e-aparelhos","9":"first","10":"instock","11":"shipping-taxable","12":"purchasable","13":"product-type-simple"},"_links":{"self":[{"href":"https:\/\/desenvolvidopelaangoweb.com\/tecmicro\/wp-json\/wp\/v2\/product\/322","targetHints":{"allow":["GET"]}}],"collection":[{"href":"https:\/\/desenvolvidopelaangoweb.com\/tecmicro\/wp-json\/wp\/v2\/product"}],"about":[{"href":"https:\/\/desenvolvidopelaangoweb.com\/tecmicro\/wp-json\/wp\/v2\/types\/product"}],"replies":[{"embeddable":true,"href":"https:\/\/desenvolvidopelaangoweb.com\/tecmicro\/wp-json\/wp\/v2\/comments?post=322"}],"wp:featuredmedia":[{"embeddable":true,"href":"https:\/\/desenvolvidopelaangoweb.com\/tecmicro\/wp-json\/wp\/v2\/media\/852"}],"wp:attachment":[{"href":"https:\/\/desenvolvidopelaangoweb.com\/tecmicro\/wp-json\/wp\/v2\/media?parent=322"}],"wp:term":[{"taxonomy":"product_cat","embeddable":true,"href":"https:\/\/desenvolvidopelaangoweb.com\/tecmicro\/wp-json\/wp\/v2\/product_cat?post=322"},{"taxonomy":"product_tag","embeddable":true,"href":"https:\/\/desenvolvidopelaangoweb.com\/tecmicro\/wp-json\/wp\/v2\/product_tag?post=322"}],"curies":[{"name":"wp","href":"https:\/\/api.w.org\/{rel}","templated":true}]}}