{"id":342,"date":"2022-09-21T11:29:16","date_gmt":"2022-09-21T11:29:16","guid":{"rendered":"http:\/\/dummy.xtemos.com\/woodmart2\/accessories\/?post_type=product&#038;p=342"},"modified":"2023-12-04T16:15:45","modified_gmt":"2023-12-04T19:15:45","slug":"kit-de-cabos-para-breadboard","status":"publish","type":"product","link":"https:\/\/desenvolvidopelaangoweb.com\/tecmicro\/produto\/kit-de-cabos-para-breadboard\/","title":{"rendered":"Kit de Cabos para Breadboard"},"content":{"rendered":"<div class=\"wpb-content-wrapper\"><p>[vc_row][vc_column][vc_column_text woodmart_inline=&#8221;no&#8221; text_larger=&#8221;no&#8221;]S\u00e3o no total 140 cabos r\u00edgidos, divididos em cores diferentes e 14 tamanhos diferentes (4mm, 6mm, 9mm, 10mm, 13mm, 17mm, 19mm, 21mm, 23mm, 25mm, 50mm, 75mm, 100mm, 125mm), sendo 10 unidades de cada tamanho. As cores e tamanhos deste KIT de 140 Jumpers para Protoboard tornam bem mais simples o processo de organiza\u00e7\u00e3o do seu projeto.<\/p>\n<p>O KIT de 140 Jumpers para Protoboard \u00e9 enviado em um estojo de acr\u00edlico, com divis\u00f3rias para separar as pe\u00e7as do KIT, assim voc\u00ea otimiza seus projetos, pois todas as conex\u00f5es estar\u00e3o sempre organizadas e prontas para uso.[\/vc_column_text][\/vc_column][\/vc_row]<\/p>\n<\/div>","protected":false},"excerpt":{"rendered":"<p>[vc_row][vc_column][vc_column_text woodmart_inline=&#8221;no&#8221; text_larger=&#8221;no&#8221;]S\u00e3o no total 140 cabos r\u00edgidos, divididos em cores diferentes e 14 tamanhos diferentes (4mm, 6mm, 9mm, 10mm,<\/p>\n","protected":false},"featured_media":845,"comment_status":"open","ping_status":"closed","template":"","meta":[],"product_cat":[27,23,40],"product_tag":[],"class_list":{"0":"post-342","1":"product","2":"type-product","3":"status-publish","4":"has-post-thumbnail","6":"product_cat-cabos-e-conectores","7":"product_cat-componentes-eletronicos","8":"product_cat-jumpers-e-cabos","10":"first","11":"instock","12":"shipping-taxable","13":"purchasable","14":"product-type-simple"},"_links":{"self":[{"href":"https:\/\/desenvolvidopelaangoweb.com\/tecmicro\/wp-json\/wp\/v2\/product\/342","targetHints":{"allow":["GET"]}}],"collection":[{"href":"https:\/\/desenvolvidopelaangoweb.com\/tecmicro\/wp-json\/wp\/v2\/product"}],"about":[{"href":"https:\/\/desenvolvidopelaangoweb.com\/tecmicro\/wp-json\/wp\/v2\/types\/product"}],"replies":[{"embeddable":true,"href":"https:\/\/desenvolvidopelaangoweb.com\/tecmicro\/wp-json\/wp\/v2\/comments?post=342"}],"wp:featuredmedia":[{"embeddable":true,"href":"https:\/\/desenvolvidopelaangoweb.com\/tecmicro\/wp-json\/wp\/v2\/media\/845"}],"wp:attachment":[{"href":"https:\/\/desenvolvidopelaangoweb.com\/tecmicro\/wp-json\/wp\/v2\/media?parent=342"}],"wp:term":[{"taxonomy":"product_cat","embeddable":true,"href":"https:\/\/desenvolvidopelaangoweb.com\/tecmicro\/wp-json\/wp\/v2\/product_cat?post=342"},{"taxonomy":"product_tag","embeddable":true,"href":"https:\/\/desenvolvidopelaangoweb.com\/tecmicro\/wp-json\/wp\/v2\/product_tag?post=342"}],"curies":[{"name":"wp","href":"https:\/\/api.w.org\/{rel}","templated":true}]}}