{"id":354,"date":"2022-09-21T11:35:17","date_gmt":"2022-09-21T11:35:17","guid":{"rendered":"http:\/\/dummy.xtemos.com\/woodmart2\/accessories\/?post_type=product&#038;p=354"},"modified":"2023-12-04T15:16:53","modified_gmt":"2023-12-04T18:16:53","slug":"ferro-de-solda-60w","status":"publish","type":"product","link":"https:\/\/desenvolvidopelaangoweb.com\/tecmicro\/produto\/ferro-de-solda-60w\/","title":{"rendered":"Ferro de Solda 60W"},"content":{"rendered":"<div class=\"wpb-content-wrapper\"><p>[vc_row][vc_column][vc_column_text woodmart_inline=&#8221;no&#8221; text_larger=&#8221;no&#8221;]Ferramenta de solda profissional \u00e9 \u00f3timo para semicondutores de solda sem chumbo.<\/p>\n<ul>\n<li>Alta qualidade duradoura tipo aquecedor cer\u00e2mico.<\/li>\n<li>Ferros de solda com temperatura controlada ajust\u00e1vel: 200-450 Deg.C (h\u00e1 uma roda de bot\u00e3o na caneta de solda eletr\u00f4nica para ajustar a temperatura). -I deal para hobbies, kits, r\u00e1dios e trabalhos eletr\u00f4nicos.<\/li>\n<li>Ponta banhada a ferro e constru\u00e7\u00e3o em a\u00e7o inoxid\u00e1vel oferecem vida mais longa.<\/li>\n<li>A solda pode ser executada e ajustada a partir do bot\u00e3o de controle de 200 &#8211; 450 Deg.C. Pontas banhadas a ferro intercambi\u00e1veis est\u00e3o dispon\u00edveis para tornar a esta\u00e7\u00e3o de solda excelente para uso eletr\u00f4nico e el\u00e9trico.<\/li>\n<\/ul>\n<p>[\/vc_column_text][\/vc_column][\/vc_row]<\/p>\n<\/div>","protected":false},"excerpt":{"rendered":"<p>[vc_row][vc_column][vc_column_text woodmart_inline=&#8221;no&#8221; text_larger=&#8221;no&#8221;]Ferramenta de solda profissional \u00e9 \u00f3timo para semicondutores de solda sem chumbo. Alta qualidade duradoura tipo aquecedor cer\u00e2mico.<\/p>\n","protected":false},"featured_media":837,"comment_status":"open","ping_status":"closed","template":"","meta":[],"product_cat":[25,116],"product_tag":[],"class_list":{"0":"post-354","1":"product","2":"type-product","3":"status-publish","4":"has-post-thumbnail","6":"product_cat-ferramentas-e-aparelhos","7":"product_cat-kits-de-solda","9":"first","10":"instock","11":"shipping-taxable","12":"purchasable","13":"product-type-simple"},"_links":{"self":[{"href":"https:\/\/desenvolvidopelaangoweb.com\/tecmicro\/wp-json\/wp\/v2\/product\/354","targetHints":{"allow":["GET"]}}],"collection":[{"href":"https:\/\/desenvolvidopelaangoweb.com\/tecmicro\/wp-json\/wp\/v2\/product"}],"about":[{"href":"https:\/\/desenvolvidopelaangoweb.com\/tecmicro\/wp-json\/wp\/v2\/types\/product"}],"replies":[{"embeddable":true,"href":"https:\/\/desenvolvidopelaangoweb.com\/tecmicro\/wp-json\/wp\/v2\/comments?post=354"}],"wp:featuredmedia":[{"embeddable":true,"href":"https:\/\/desenvolvidopelaangoweb.com\/tecmicro\/wp-json\/wp\/v2\/media\/837"}],"wp:attachment":[{"href":"https:\/\/desenvolvidopelaangoweb.com\/tecmicro\/wp-json\/wp\/v2\/media?parent=354"}],"wp:term":[{"taxonomy":"product_cat","embeddable":true,"href":"https:\/\/desenvolvidopelaangoweb.com\/tecmicro\/wp-json\/wp\/v2\/product_cat?post=354"},{"taxonomy":"product_tag","embeddable":true,"href":"https:\/\/desenvolvidopelaangoweb.com\/tecmicro\/wp-json\/wp\/v2\/product_tag?post=354"}],"curies":[{"name":"wp","href":"https:\/\/api.w.org\/{rel}","templated":true}]}}