{"id":356,"date":"2022-09-21T11:36:09","date_gmt":"2022-09-21T11:36:09","guid":{"rendered":"http:\/\/dummy.xtemos.com\/woodmart2\/accessories\/?post_type=product&#038;p=356"},"modified":"2023-12-04T15:11:17","modified_gmt":"2023-12-04T18:11:17","slug":"fechadura-electrica-para-porta","status":"publish","type":"product","link":"https:\/\/desenvolvidopelaangoweb.com\/tecmicro\/produto\/fechadura-electrica-para-porta\/","title":{"rendered":"Fechadura Electrica Para Porta"},"content":{"rendered":"<div class=\"wpb-content-wrapper\"><p>[vc_row][vc_column][vc_column_text woodmart_inline=&#8221;no&#8221; text_larger=&#8221;no&#8221;]\u00e9 um dispositivo que utiliza energia el\u00e9trica para trancar ou destrancar uma porta. Ela pode ser controlada por um interruptor el\u00e9trico, um controle remoto ou um sistema de seguran\u00e7a. As fechaduras el\u00e9tricas s\u00e3o comumente utilizadas em edif\u00edcios comerciais, residenciais e industriais como uma medida adicional de seguran\u00e7a.[\/vc_column_text][\/vc_column][\/vc_row]<\/p>\n<\/div>","protected":false},"excerpt":{"rendered":"<p>[vc_row][vc_column][vc_column_text woodmart_inline=&#8221;no&#8221; text_larger=&#8221;no&#8221;]\u00e9 um dispositivo que utiliza energia el\u00e9trica para trancar ou destrancar uma porta. Ela pode ser controlada por<\/p>\n","protected":false},"featured_media":836,"comment_status":"open","ping_status":"closed","template":"","meta":[],"product_cat":[120],"product_tag":[],"class_list":{"0":"post-356","1":"product","2":"type-product","3":"status-publish","4":"has-post-thumbnail","6":"product_cat-dispositivos-de-automacao","8":"first","9":"instock","10":"shipping-taxable","11":"purchasable","12":"product-type-simple"},"_links":{"self":[{"href":"https:\/\/desenvolvidopelaangoweb.com\/tecmicro\/wp-json\/wp\/v2\/product\/356","targetHints":{"allow":["GET"]}}],"collection":[{"href":"https:\/\/desenvolvidopelaangoweb.com\/tecmicro\/wp-json\/wp\/v2\/product"}],"about":[{"href":"https:\/\/desenvolvidopelaangoweb.com\/tecmicro\/wp-json\/wp\/v2\/types\/product"}],"replies":[{"embeddable":true,"href":"https:\/\/desenvolvidopelaangoweb.com\/tecmicro\/wp-json\/wp\/v2\/comments?post=356"}],"wp:featuredmedia":[{"embeddable":true,"href":"https:\/\/desenvolvidopelaangoweb.com\/tecmicro\/wp-json\/wp\/v2\/media\/836"}],"wp:attachment":[{"href":"https:\/\/desenvolvidopelaangoweb.com\/tecmicro\/wp-json\/wp\/v2\/media?parent=356"}],"wp:term":[{"taxonomy":"product_cat","embeddable":true,"href":"https:\/\/desenvolvidopelaangoweb.com\/tecmicro\/wp-json\/wp\/v2\/product_cat?post=356"},{"taxonomy":"product_tag","embeddable":true,"href":"https:\/\/desenvolvidopelaangoweb.com\/tecmicro\/wp-json\/wp\/v2\/product_tag?post=356"}],"curies":[{"name":"wp","href":"https:\/\/api.w.org\/{rel}","templated":true}]}}