{"id":362,"date":"2022-09-21T11:40:23","date_gmt":"2022-09-21T11:40:23","guid":{"rendered":"http:\/\/dummy.xtemos.com\/woodmart2\/accessories\/?post_type=product&#038;p=362"},"modified":"2023-12-04T09:09:58","modified_gmt":"2023-12-04T12:09:58","slug":"programador-pickit3","status":"publish","type":"product","link":"https:\/\/desenvolvidopelaangoweb.com\/tecmicro\/produto\/programador-pickit3\/","title":{"rendered":"Programador Pickit3"},"content":{"rendered":"<div class=\"wpb-content-wrapper\"><p>[vc_row][vc_column][vc_column_text woodmart_inline=&#8221;no&#8221; text_larger=&#8221;no&#8221;]Este \u00e9 o novo PICkit 3, um programador totalmente compat\u00edvel com o software MPLAB da Microchip! O PICkit 3 permite a depura\u00e7\u00e3o e programa\u00e7\u00e3o de microcontroladores PIC e dsPIC usando a poderosa interface gr\u00e1fica do usu\u00e1rio do ambiente de desenvolvimento integrado MPLAB (IDE). O PICkit 3 deve ser ligado a um PC atrav\u00e9s de uma porta USB de alta velocidade e pode ser conectado diretamente ao seu PIC ou no modo ICSP (In- circuit Serial Programming). O conector possui dois pinos de I \/ O e a linha de reset para implementar a depura\u00e7\u00e3o no circuito e In-Circuit Serial Programming.[\/vc_column_text][\/vc_column][\/vc_row]<\/p>\n<\/div>","protected":false},"excerpt":{"rendered":"<p>[vc_row][vc_column][vc_column_text woodmart_inline=&#8221;no&#8221; text_larger=&#8221;no&#8221;]Este \u00e9 o novo PICkit 3, um programador totalmente compat\u00edvel com o software MPLAB da Microchip! O PICkit<\/p>\n","protected":false},"featured_media":831,"comment_status":"open","ping_status":"closed","template":"","meta":[],"product_cat":[23,24,84],"product_tag":[],"class_list":{"0":"post-362","1":"product","2":"type-product","3":"status-publish","4":"has-post-thumbnail","6":"product_cat-componentes-eletronicos","7":"product_cat-microcontroladores","8":"product_cat-programadores-e-adaptadores","10":"first","11":"instock","12":"shipping-taxable","13":"purchasable","14":"product-type-simple"},"_links":{"self":[{"href":"https:\/\/desenvolvidopelaangoweb.com\/tecmicro\/wp-json\/wp\/v2\/product\/362","targetHints":{"allow":["GET"]}}],"collection":[{"href":"https:\/\/desenvolvidopelaangoweb.com\/tecmicro\/wp-json\/wp\/v2\/product"}],"about":[{"href":"https:\/\/desenvolvidopelaangoweb.com\/tecmicro\/wp-json\/wp\/v2\/types\/product"}],"replies":[{"embeddable":true,"href":"https:\/\/desenvolvidopelaangoweb.com\/tecmicro\/wp-json\/wp\/v2\/comments?post=362"}],"wp:featuredmedia":[{"embeddable":true,"href":"https:\/\/desenvolvidopelaangoweb.com\/tecmicro\/wp-json\/wp\/v2\/media\/831"}],"wp:attachment":[{"href":"https:\/\/desenvolvidopelaangoweb.com\/tecmicro\/wp-json\/wp\/v2\/media?parent=362"}],"wp:term":[{"taxonomy":"product_cat","embeddable":true,"href":"https:\/\/desenvolvidopelaangoweb.com\/tecmicro\/wp-json\/wp\/v2\/product_cat?post=362"},{"taxonomy":"product_tag","embeddable":true,"href":"https:\/\/desenvolvidopelaangoweb.com\/tecmicro\/wp-json\/wp\/v2\/product_tag?post=362"}],"curies":[{"name":"wp","href":"https:\/\/api.w.org\/{rel}","templated":true}]}}