{"id":366,"date":"2022-09-21T11:42:16","date_gmt":"2022-09-21T11:42:16","guid":{"rendered":"http:\/\/dummy.xtemos.com\/woodmart2\/accessories\/?post_type=product&#038;p=366"},"modified":"2024-01-10T18:51:10","modified_gmt":"2024-01-10T17:51:10","slug":"programador-k150","status":"publish","type":"product","link":"https:\/\/desenvolvidopelaangoweb.com\/tecmicro\/produto\/programador-k150\/","title":{"rendered":"Programador K150"},"content":{"rendered":"<div class=\"wpb-content-wrapper\"><p>[vc_row][vc_column][vc_column_text woodmart_inline=&#8221;no&#8221; text_larger=&#8221;no&#8221;]O Gravador de PIC USB K150 \u00e9 ideal para estudantes e profissionais que desenvolvem projetos com os microcontroladores da linha PIC. Ele possui um soquete ZIF de 40 pinos (Zero Inserction Force), que permite pressionar ou soltar os terminais do componente para fix\u00e1-lo ao gravador, de forma simples e r\u00e1pida sem causar esfor\u00e7o excessivo sobre os terminais na hora de gravar o seu microcontrolador.<\/p>\n<p>Este gravador \u00e9 conectado ao computador atrav\u00e9s de uma porta USB, n\u00e3o necessitando de uma fonte externa de alimenta\u00e7\u00e3o e seu funcionamento \u00e9 bastante simples, basta carregar no software do gravador o arquivo .hex gerado por qualquer compilador e ent\u00e3o gravar.<\/p>\n<p>Importante: Caso voc\u00ea utilize o sistema operacional Window 7 a op\u00e7\u00e3o &#8220;Reset Programmer&#8221; existente no menu do &#8220;Software de Programa\u00e7\u00e3o&#8221; pode n\u00e3o funcionar corretamente. Todas as outras fun\u00e7\u00f5es funcionam perfeitamente. Isto ocorre devido a um conflito entre os Drivers &#8220;Prolific USB to Serial&#8221; e o software &#8220;Microbrn&#8221; rodando em Windows 7. Esta op\u00e7\u00e3o funciona perfeitamente em outros sistemas operacionais anteriorres como o Windows XP por exemplo.<\/p>\n<p><strong>Software de programa\u00e7\u00e3o e drivers:<\/strong><br \/>\nSistema operacionais: XP \/ Vista \/ WIN7<br \/>\nSoftware\/ Drivers: PIC Programmer Drivers.rar<\/p>\n<p><strong>Configura\u00e7\u00e3o:<\/strong><br \/>\nExecute o arquivo &#8220;PL2303_Prolific_DriverInstaller_v1.7.0.exe&#8221; que est\u00e1 no arquivo &#8220;PIC Programmer Drivers.rar&#8221; para instalar o driver<\/p>\n<p>[\/vc_column_text][\/vc_column][\/vc_row]<\/p>\n<\/div>","protected":false},"excerpt":{"rendered":"<p>[vc_row][vc_column][vc_column_text woodmart_inline=&#8221;no&#8221; text_larger=&#8221;no&#8221;]O Gravador de PIC USB K150 \u00e9 ideal para estudantes e profissionais que desenvolvem projetos com os microcontroladores<\/p>\n","protected":false},"featured_media":829,"comment_status":"open","ping_status":"closed","template":"","meta":[],"product_cat":[23,24,84],"product_tag":[],"class_list":{"0":"post-366","1":"product","2":"type-product","3":"status-publish","4":"has-post-thumbnail","6":"product_cat-componentes-eletronicos","7":"product_cat-microcontroladores","8":"product_cat-programadores-e-adaptadores","10":"first","11":"instock","12":"shipping-taxable","13":"purchasable","14":"product-type-simple"},"_links":{"self":[{"href":"https:\/\/desenvolvidopelaangoweb.com\/tecmicro\/wp-json\/wp\/v2\/product\/366","targetHints":{"allow":["GET"]}}],"collection":[{"href":"https:\/\/desenvolvidopelaangoweb.com\/tecmicro\/wp-json\/wp\/v2\/product"}],"about":[{"href":"https:\/\/desenvolvidopelaangoweb.com\/tecmicro\/wp-json\/wp\/v2\/types\/product"}],"replies":[{"embeddable":true,"href":"https:\/\/desenvolvidopelaangoweb.com\/tecmicro\/wp-json\/wp\/v2\/comments?post=366"}],"wp:featuredmedia":[{"embeddable":true,"href":"https:\/\/desenvolvidopelaangoweb.com\/tecmicro\/wp-json\/wp\/v2\/media\/829"}],"wp:attachment":[{"href":"https:\/\/desenvolvidopelaangoweb.com\/tecmicro\/wp-json\/wp\/v2\/media?parent=366"}],"wp:term":[{"taxonomy":"product_cat","embeddable":true,"href":"https:\/\/desenvolvidopelaangoweb.com\/tecmicro\/wp-json\/wp\/v2\/product_cat?post=366"},{"taxonomy":"product_tag","embeddable":true,"href":"https:\/\/desenvolvidopelaangoweb.com\/tecmicro\/wp-json\/wp\/v2\/product_tag?post=366"}],"curies":[{"name":"wp","href":"https:\/\/api.w.org\/{rel}","templated":true}]}}